{"id":2,"date":"2016-05-10T03:48:21","date_gmt":"2016-05-10T03:48:21","guid":{"rendered":"http:\/\/diepension.net\/wordpress\/?page_id=2"},"modified":"2025-08-05T14:51:23","modified_gmt":"2025-08-05T14:51:23","slug":"willkommen","status":"publish","type":"page","link":"https:\/\/diepension.net\/wordpress\/","title":{"rendered":"Start"},"content":{"rendered":"\n<h2 class=\"wp-block-heading alignwide is-style-default has-black-color has-text-color\" id=\"we-re-a-studio-in-berlin-with-an-international-practice-in-architecture-urban-planning-and-interior-design-we-believe-in-sharing-knowledge-and-promoting-dialogue-to-increase-the-creative-potential-of-collaboration\" style=\"border-style:none;border-width:0px;margin-top:0;margin-right:0;margin-bottom:0;margin-left:0;padding-top:0;padding-right:0;padding-bottom:0;padding-left:0;font-size:clamp(18.959px, 1.185rem + ((1vw - 3.2px) * 1.082), 30px);font-style:normal;font-weight:300;line-height:1.2\"><strong>Die Pension<\/strong> ist ein G\u00e4stehaus auf einem traditionellen 4-Seiten Hof in Brandenburg.<br>Gelegen am Rande des Spreewaldes bieten wir seit 2023 \u00dcbernachtungen in 4 modernen Doppel- und Dreibettzimmern f\u00fcr bis zu 10 G\u00e4ste.<\/h2>\n\n\n\n<div style=\"height:125px\" aria-hidden=\"true\" class=\"wp-block-spacer\"><\/div>\n\n\n\n<div class=\"wp-block-cover alignfull is-light has-parallax\" style=\"padding-top:0;padding-right:0;padding-bottom:0;padding-left:0;min-height:1000px;aspect-ratio:unset;\"><span aria-hidden=\"true\" class=\"wp-block-cover__background has-background-dim-0 has-background-dim\"><\/span><div class=\"wp-block-cover__image-background wp-image-990 has-parallax\" style=\"background-position:50% 50%;background-image:url(https:\/\/diepension.net\/wordpress\/wp-content\/uploads\/2023\/09\/2023-DiePension-RF-157-Bearbeitet.jpg)\"><\/div><div class=\"wp-block-cover__inner-container is-layout-flow wp-block-cover-is-layout-flow\">\n<h2 class=\"wp-block-heading alignwide has-white-color has-text-color\" style=\"font-size:clamp(35.2px, 2.2rem + ((1vw - 3.2px) * 2.824), 64px);\"><\/h2>\n\n\n\n<div class=\"wp-block-columns alignwide is-layout-flex wp-container-core-columns-is-layout-28f84493 wp-block-columns-is-layout-flex\">\n<div class=\"wp-block-column is-layout-flow wp-block-column-is-layout-flow\" style=\"flex-basis:55%\">\n<div style=\"height:330px\" aria-hidden=\"true\" class=\"wp-block-spacer\"><\/div>\n\n\n\n<p class=\"has-text-color\" style=\"color:#ffe074;font-size:12px;line-height:1.3\"><\/p>\n<\/div>\n\n\n\n<div class=\"wp-block-column is-layout-flow wp-block-column-is-layout-flow\"><\/div>\n<\/div>\n<\/div><\/div>\n\n\n\n<div class=\"wp-block-cover alignfull is-light\" style=\"margin-top:0;padding-top:6vw;padding-right:6vw;padding-bottom:6vw;padding-left:6vw;min-height:1491px;aspect-ratio:unset;\"><span aria-hidden=\"true\" class=\"wp-block-cover__background has-accent-6-background-color has-background-dim-0 has-background-dim\"><\/span><div class=\"wp-block-cover__inner-container has-global-padding is-layout-constrained wp-container-core-cover-is-layout-bb0a7002 wp-block-cover-is-layout-constrained\">\n<div class=\"wp-block-group alignwide is-content-justification-center is-layout-flex wp-container-core-group-is-layout-82565499 wp-block-group-is-layout-flex\">\n<div class=\"wp-block-group alignwide wp-container-content-ceb7f5b3 has-global-padding is-content-justification-left is-layout-constrained wp-container-core-group-is-layout-852f5fc7 wp-block-group-is-layout-constrained\">\n<h1 class=\"wp-block-heading alignwide has-text-align-left is-style-default has-contrast-color has-text-color has-link-color wp-elements-648021c88e21375e60817f1fb8c8083c\" style=\"font-size:clamp(44.14px, 2.759rem + ((1vw - 3.2px) * 4.006), 85px);font-style:normal;font-weight:300;line-height:1\">Zeit f\u00fcr<br>Erholung.<\/h1>\n\n\n\n<div style=\"height:75px\" aria-hidden=\"true\" class=\"wp-block-spacer\"><\/div>\n\n\n\n<p class=\"has-text-align-left has-black-color has-text-color\"><strong>Oder lieber Bewegung?<\/strong> Wir bieten nicht nur komfortable Zimmer und einen gro\u00dfen Garten zum entspannen sondern auch einiges an Aktivit\u00e4ten in der Umgebung. Entdecke die M\u00f6glichkeiten!<\/p>\n\n\n\n<div style=\"height:25px\" aria-hidden=\"true\" class=\"wp-block-spacer\"><\/div>\n\n\n\n<div class=\"wp-block-buttons is-layout-flex wp-block-buttons-is-layout-flex\">\n<div class=\"wp-block-button has-custom-width wp-block-button__width-75 is-style-outline is-style-outline--1\"><a class=\"wp-block-button__link has-contrast-color has-text-color has-link-color wp-element-button\" href=\"https:\/\/diepension.net\/wordpress\/?page_id=181\">ERFAHRE MEHR!<\/a><\/div>\n<\/div>\n\n\n\n<div style=\"height:99px\" aria-hidden=\"true\" class=\"wp-block-spacer\"><\/div>\n<\/div>\n\n\n\n<div class=\"wp-block-group is-content-justification-right is-nowrap is-layout-flex wp-container-core-group-is-layout-59a2d94b wp-block-group-is-layout-flex\">\n<div class=\"wp-block-group wp-container-content-0733e5d0 is-layout-flow wp-block-group-is-layout-flow\">\n<div style=\"height:8vw\" aria-hidden=\"true\" class=\"wp-block-spacer\"><\/div>\n<\/div>\n\n\n\n<div style=\"height:100px;width:0px\" aria-hidden=\"true\" class=\"wp-block-spacer wp-container-content-6388d5dc\"><\/div>\n\n\n\n<div style=\"height:100px;width:0px\" aria-hidden=\"true\" class=\"wp-block-spacer wp-container-content-6388d5dc\"><\/div>\n<\/div>\n<\/div>\n\n\n\n<div class=\"wp-block-columns alignwide is-layout-flex wp-container-core-columns-is-layout-28f84493 wp-block-columns-is-layout-flex\">\n<div class=\"wp-block-column is-layout-flow wp-block-column-is-layout-flow\">\n<figure class=\"wp-block-image alignright size-large is-resized\"><img loading=\"lazy\" decoding=\"async\" width=\"683\" height=\"1024\" src=\"https:\/\/diepension.net\/wordpress\/wp-content\/uploads\/2023\/09\/2023-DiePension-RF-095-683x1024.jpg\" alt=\"Die Pension, Erholung, G\u00e4stezimmer, Heideblick, Hof, Leser, Marion, Michael, Spreewald, S\u00fcdbrandenburg, \u00dcbernachtung, Urlaub, W\u00fcstermarke\" class=\"wp-image-989\" style=\"width:400px;height:undefinedpx\" srcset=\"https:\/\/diepension.net\/wordpress\/wp-content\/uploads\/2023\/09\/2023-DiePension-RF-095-683x1024.jpg 683w, https:\/\/diepension.net\/wordpress\/wp-content\/uploads\/2023\/09\/2023-DiePension-RF-095-200x300.jpg 200w, https:\/\/diepension.net\/wordpress\/wp-content\/uploads\/2023\/09\/2023-DiePension-RF-095-768x1152.jpg 768w, https:\/\/diepension.net\/wordpress\/wp-content\/uploads\/2023\/09\/2023-DiePension-RF-095.jpg 800w\" sizes=\"auto, (max-width: 683px) 100vw, 683px\" \/><\/figure>\n<\/div>\n\n\n\n<div class=\"wp-block-column is-layout-flow wp-block-column-is-layout-flow\">\n<div style=\"height:100px\" aria-hidden=\"true\" class=\"wp-block-spacer\"><\/div>\n\n\n\n<figure class=\"wp-block-image alignleft size-large is-resized\"><img loading=\"lazy\" decoding=\"async\" width=\"683\" height=\"1024\" src=\"https:\/\/diepension.net\/wordpress\/wp-content\/uploads\/2023\/09\/2023-DiePension-RF-067-683x1024.jpg\" alt=\"Die Pension, Erholung, G\u00e4stezimmer, Heideblick, Hof, Leser, Marion, Michael, Spreewald, S\u00fcdbrandenburg, \u00dcbernachtung, Urlaub, W\u00fcstermarke\" class=\"wp-image-987\" style=\"width:400px;height:undefinedpx\" srcset=\"https:\/\/diepension.net\/wordpress\/wp-content\/uploads\/2023\/09\/2023-DiePension-RF-067-683x1024.jpg 683w, https:\/\/diepension.net\/wordpress\/wp-content\/uploads\/2023\/09\/2023-DiePension-RF-067-200x300.jpg 200w, https:\/\/diepension.net\/wordpress\/wp-content\/uploads\/2023\/09\/2023-DiePension-RF-067-768x1152.jpg 768w, https:\/\/diepension.net\/wordpress\/wp-content\/uploads\/2023\/09\/2023-DiePension-RF-067.jpg 800w\" sizes=\"auto, (max-width: 683px) 100vw, 683px\" \/><\/figure>\n<\/div>\n<\/div>\n<\/div><\/div>\n\n\n\n<div class=\"wp-block-group alignfull is-style-default has-white-background-color has-text-color has-background is-layout-flow wp-block-group-is-layout-flow\" style=\"color:#000000;padding-top:0;padding-right:0;padding-bottom:0;padding-left:0\">\n<div style=\"height:100px\" aria-hidden=\"true\" class=\"wp-block-spacer\"><\/div>\n\n\n\n<h1 class=\"wp-block-heading has-text-align-center is-style-default has-black-color has-text-color\" id=\"schedule-a-visit\" style=\"font-size:clamp(28.836px, 1.802rem + ((1vw - 3.2px) * 2.075), 50px);font-style:normal;font-weight:300;line-height:1.15\">\u00dcbernachte in<br>W\u00fcstermarke.<\/h1>\n\n\n\n<div style=\"height:25px\" aria-hidden=\"true\" class=\"wp-block-spacer\"><\/div>\n\n\n\n<div class=\"wp-block-columns is-layout-flex wp-container-core-columns-is-layout-28f84493 wp-block-columns-is-layout-flex\">\n<div class=\"wp-block-column is-layout-flow wp-block-column-is-layout-flow\">\n<div style=\"height:100px\" aria-hidden=\"true\" class=\"wp-block-spacer\"><\/div>\n<\/div>\n\n\n\n<div class=\"wp-block-column is-layout-flow wp-block-column-is-layout-flow\">\n<div class=\"wp-block-buttons is-content-justification-center is-layout-flex wp-container-core-buttons-is-layout-a89b3969 wp-block-buttons-is-layout-flex\">\n<div class=\"wp-block-button has-custom-width wp-block-button__width-75 is-style-outline is-style-outline--2\"><a class=\"wp-block-button__link has-contrast-color has-text-color has-link-color has-text-align-center wp-element-button\" href=\"https:\/\/diepension.net\/wordpress\/?page_id=8\">JETZT RESERVIEREN!<\/a><\/div>\n<\/div>\n<\/div>\n\n\n\n<div class=\"wp-block-column is-layout-flow wp-block-column-is-layout-flow\">\n<div style=\"height:100px\" aria-hidden=\"true\" class=\"wp-block-spacer\"><\/div>\n<\/div>\n<\/div>\n\n\n\n<p class=\"has-text-align-center has-black-color has-text-color has-large-font-size\"><strong>Wir freuen uns auf<br>deinen Besuch!<\/strong><\/p>\n\n\n\n<div style=\"height:100px\" aria-hidden=\"true\" class=\"wp-block-spacer\"><\/div>\n<\/div>\n\n\n\n<p><\/p>\n","protected":false},"excerpt":{"rendered":"<p>Die Pension ist ein G\u00e4stehaus auf einem traditionellen 4-Seiten Hof in Brandenburg.Gelegen am Rande des Spreewaldes bieten wir seit 2023 \u00dcbernachtungen in 4 modernen Doppel- und Dreibettzimmern f\u00fcr bis zu 10 G\u00e4ste. \u00dcbernachte inW\u00fcstermarke. Wir freuen uns aufdeinen Besuch!<\/p>\n","protected":false},"author":1,"featured_media":0,"parent":0,"menu_order":0,"comment_status":"closed","ping_status":"closed","template":"","meta":{"footnotes":""},"class_list":["post-2","page","type-page","status-publish","hentry"],"_links":{"self":[{"href":"https:\/\/diepension.net\/wordpress\/index.php?rest_route=\/wp\/v2\/pages\/2","targetHints":{"allow":["GET"]}}],"collection":[{"href":"https:\/\/diepension.net\/wordpress\/index.php?rest_route=\/wp\/v2\/pages"}],"about":[{"href":"https:\/\/diepension.net\/wordpress\/index.php?rest_route=\/wp\/v2\/types\/page"}],"author":[{"embeddable":true,"href":"https:\/\/diepension.net\/wordpress\/index.php?rest_route=\/wp\/v2\/users\/1"}],"replies":[{"embeddable":true,"href":"https:\/\/diepension.net\/wordpress\/index.php?rest_route=%2Fwp%2Fv2%2Fcomments&post=2"}],"version-history":[{"count":183,"href":"https:\/\/diepension.net\/wordpress\/index.php?rest_route=\/wp\/v2\/pages\/2\/revisions"}],"predecessor-version":[{"id":1270,"href":"https:\/\/diepension.net\/wordpress\/index.php?rest_route=\/wp\/v2\/pages\/2\/revisions\/1270"}],"wp:attachment":[{"href":"https:\/\/diepension.net\/wordpress\/index.php?rest_route=%2Fwp%2Fv2%2Fmedia&parent=2"}],"curies":[{"name":"wp","href":"https:\/\/api.w.org\/{rel}","templated":true}]}}